{"id":2041,"date":"2025-09-18T08:38:51","date_gmt":"2025-09-18T08:38:51","guid":{"rendered":"https:\/\/contronics.nl\/?page_id=2041"},"modified":"2025-09-23T06:42:06","modified_gmt":"2025-09-23T06:42:06","slug":"impressum","status":"publish","type":"page","link":"https:\/\/contronics.nl\/de\/impressum\/","title":{"rendered":"Impressum"},"content":{"rendered":"\n<p>Angaben gem\u00e4\u00df \u00a7 5 DDG<br><strong>Contronics Dry Misting B.V.<\/strong><br>B.V.<br>Ambachtsweg 8<br>5492 NJ Sint-Oedenrode<br>Nederland<\/p>\n\n\n\n<p><strong>Kontakt<\/strong><br>E-Mail: info@contronics.nl<br>Telefon: +31 (0)413487000<\/p>\n\n\n\n<p><strong>Vertreten durch<\/strong><br>Koen Christiaans<\/p>\n\n\n\n<p><strong>Registereintrag<\/strong><br>Eingetragen im niederl\u00e4ndischen Handelsregister (Kamer van Koophandel): 94551596<\/p>\n\n\n\n<p><strong>Umsatzsteuer-ID<\/strong><br>Umsatzsteuer-Identifikationsnummer gem\u00e4\u00df \u00a7 27a UStG: NL 866817499B01<\/p>\n\n\n\n<p><strong>Haftung f\u00fcr Inhalte<\/strong><br>Als Diensteanbieter sind wir gem\u00e4\u00df \u00a7 7 Abs. 1 DDG f\u00fcr eigene Inhalte auf diesen Seiten nach den allgemeinen Gesetzen verantwortlich. Nach \u00a7\u00a7 8\u201310 DDG sind wir als Diensteanbieter jedoch nicht verpflichtet, \u00fcbermittelte oder gespeicherte fremde Informationen zu \u00fcberwachen oder nach Umst\u00e4nden zu forschen, die auf eine rechtswidrige T\u00e4tigkeit hinweisen. Verpflichtungen zur Entfernung oder Sperrung der Nutzung von Informationen nach den allgemeinen Gesetzen bleiben hiervon unber\u00fchrt.<\/p>\n\n\n\n<p><strong>Haftung f\u00fcr Links<\/strong><br>Unser Angebot enth\u00e4lt Links zu externen Websites Dritter, auf deren Inhalte wir keinen Einfluss haben. Deshalb k\u00f6nnen wir f\u00fcr diese fremden Inhalte keine Gew\u00e4hr \u00fcbernehmen. F\u00fcr die Inhalte der verlinkten Seiten ist stets der\/die jeweilige Anbieter:in oder Betreiber:in der Seiten verantwortlich.<\/p>\n\n\n\n<p><strong>Urheberrecht<\/strong><br>Die durch die Seitenbetreiber:in erstellten Inhalte und Werke auf diesen Seiten unterliegen dem deutschen Urheberrecht. Beitr\u00e4ge Dritter sind als solche gekennzeichnet. Die Vervielf\u00e4ltigung, Bearbeitung, Verbreitung und jede Art der Verwertung au\u00dferhalb der Grenzen des Urheberrechts bed\u00fcrfen der schriftlichen Zustimmung der\/s jeweiligen Rechteinhaber:in.<\/p>\n","protected":false},"excerpt":{"rendered":"<p>Angaben gem\u00e4\u00df \u00a7 5 DDGContronics Dry Misting B.V.B.V.Ambachtsweg 85492 NJ Sint-OedenrodeNederland KontaktE-Mail: info@contronics.nlTelefon: +31 (0)413487000 Vertreten durchKoen Christiaans RegistereintragEingetragen im niederl\u00e4ndischen Handelsregister (Kamer van Koophandel): 94551596 Umsatzsteuer-IDUmsatzsteuer-Identifikationsnummer gem\u00e4\u00df \u00a7 27a UStG: NL 866817499B01 Haftung f\u00fcr InhalteAls Diensteanbieter sind wir gem\u00e4\u00df \u00a7 7 Abs. 1 DDG f\u00fcr eigene Inhalte auf diesen Seiten nach den allgemeinen Gesetzen<\/p>\n","protected":false},"author":1,"featured_media":0,"parent":0,"menu_order":0,"comment_status":"closed","ping_status":"closed","template":"templates\/generic-content.php","meta":{"_acf_changed":false,"om_disable_all_campaigns":false,"inline_featured_image":false,"_monsterinsights_skip_tracking":false,"_monsterinsights_sitenote_active":false,"_monsterinsights_sitenote_note":"","_monsterinsights_sitenote_category":0,"_uf_show_specific_survey":0,"_uf_disable_surveys":false,"footnotes":""},"class_list":["post-2041","page","type-page","status-publish","hentry"],"acf":[],"aioseo_notices":[],"yoast_head":"<!-- This site is optimized with the Yoast SEO plugin v27.2 - https:\/\/yoast.com\/product\/yoast-seo-wordpress\/ -->\n<title>Impressum - Dry Misting<\/title>\n<meta name=\"robots\" content=\"index, follow, max-snippet:-1, max-image-preview:large, max-video-preview:-1\" \/>\n<link rel=\"canonical\" href=\"https:\/\/contronics.nl\/de\/impressum\/\" \/>\n<meta property=\"og:locale\" content=\"de_DE\" \/>\n<meta property=\"og:type\" content=\"article\" \/>\n<meta property=\"og:title\" content=\"Impressum - Dry Misting\" \/>\n<meta property=\"og:description\" content=\"Angaben gem\u00e4\u00df \u00a7 5 DDGContronics Dry Misting B.V.B.V.Ambachtsweg 85492 NJ Sint-OedenrodeNederland KontaktE-Mail: info@contronics.nlTelefon: +31 (0)413487000 Vertreten durchKoen Christiaans RegistereintragEingetragen im niederl\u00e4ndischen Handelsregister (Kamer van Koophandel): 94551596 Umsatzsteuer-IDUmsatzsteuer-Identifikationsnummer gem\u00e4\u00df \u00a7 27a UStG: NL 866817499B01 Haftung f\u00fcr InhalteAls Diensteanbieter sind wir gem\u00e4\u00df \u00a7 7 Abs. 1 DDG f\u00fcr eigene Inhalte auf diesen Seiten nach den allgemeinen Gesetzen\" \/>\n<meta property=\"og:url\" content=\"https:\/\/contronics.nl\/de\/impressum\/\" \/>\n<meta property=\"og:site_name\" content=\"Dry Misting\" \/>\n<meta property=\"article:modified_time\" content=\"2025-09-23T06:42:06+00:00\" \/>\n<meta name=\"twitter:card\" content=\"summary_large_image\" \/>\n<meta name=\"twitter:label1\" content=\"Gesch\u00e4tzte Lesezeit\" \/>\n\t<meta name=\"twitter:data1\" content=\"1\u00a0Minute\" \/>\n<script type=\"application\/ld+json\" class=\"yoast-schema-graph\">{\"@context\":\"https:\/\/schema.org\",\"@graph\":[{\"@type\":\"WebPage\",\"@id\":\"https:\/\/contronics.nl\/de\/impressum\/\",\"url\":\"https:\/\/contronics.nl\/de\/impressum\/\",\"name\":\"Impressum - Dry Misting\",\"isPartOf\":{\"@id\":\"https:\/\/contronics.nl\/de\/#website\"},\"datePublished\":\"2025-09-18T08:38:51+00:00\",\"dateModified\":\"2025-09-23T06:42:06+00:00\",\"breadcrumb\":{\"@id\":\"https:\/\/contronics.nl\/de\/impressum\/#breadcrumb\"},\"inLanguage\":\"de\",\"potentialAction\":[{\"@type\":\"ReadAction\",\"target\":[\"https:\/\/contronics.nl\/de\/impressum\/\"]}]},{\"@type\":\"BreadcrumbList\",\"@id\":\"https:\/\/contronics.nl\/de\/impressum\/#breadcrumb\",\"itemListElement\":[{\"@type\":\"ListItem\",\"position\":1,\"name\":\"Home\",\"item\":\"https:\/\/contronics.nl\/de\/\"},{\"@type\":\"ListItem\",\"position\":2,\"name\":\"Impressum\"}]},{\"@type\":\"WebSite\",\"@id\":\"https:\/\/contronics.nl\/de\/#website\",\"url\":\"https:\/\/contronics.nl\/de\/\",\"name\":\"Dry Misting\",\"description\":\"\",\"publisher\":{\"@id\":\"https:\/\/contronics.nl\/de\/#organization\"},\"potentialAction\":[{\"@type\":\"SearchAction\",\"target\":{\"@type\":\"EntryPoint\",\"urlTemplate\":\"https:\/\/contronics.nl\/de\/?s={search_term_string}\"},\"query-input\":{\"@type\":\"PropertyValueSpecification\",\"valueRequired\":true,\"valueName\":\"search_term_string\"}}],\"inLanguage\":\"de\"},{\"@type\":\"Organization\",\"@id\":\"https:\/\/contronics.nl\/de\/#organization\",\"name\":\"Dry Misting\",\"url\":\"https:\/\/contronics.nl\/de\/\",\"logo\":{\"@type\":\"ImageObject\",\"inLanguage\":\"de\",\"@id\":\"https:\/\/contronics.nl\/de\/#\/schema\/logo\/image\/\",\"url\":\"https:\/\/contronics.nl\/wp-content\/uploads\/2023\/04\/contronics-logo.png\",\"contentUrl\":\"https:\/\/contronics.nl\/wp-content\/uploads\/2023\/04\/contronics-logo.png\",\"width\":400,\"height\":86,\"caption\":\"Dry Misting\"},\"image\":{\"@id\":\"https:\/\/contronics.nl\/de\/#\/schema\/logo\/image\/\"}}]}<\/script>\n<!-- \/ Yoast SEO plugin. -->","yoast_head_json":{"title":"Impressum - Dry Misting","robots":{"index":"index","follow":"follow","max-snippet":"max-snippet:-1","max-image-preview":"max-image-preview:large","max-video-preview":"max-video-preview:-1"},"canonical":"https:\/\/contronics.nl\/de\/impressum\/","og_locale":"de_DE","og_type":"article","og_title":"Impressum - Dry Misting","og_description":"Angaben gem\u00e4\u00df \u00a7 5 DDGContronics Dry Misting B.V.B.V.Ambachtsweg 85492 NJ Sint-OedenrodeNederland KontaktE-Mail: info@contronics.nlTelefon: +31 (0)413487000 Vertreten durchKoen Christiaans RegistereintragEingetragen im niederl\u00e4ndischen Handelsregister (Kamer van Koophandel): 94551596 Umsatzsteuer-IDUmsatzsteuer-Identifikationsnummer gem\u00e4\u00df \u00a7 27a UStG: NL 866817499B01 Haftung f\u00fcr InhalteAls Diensteanbieter sind wir gem\u00e4\u00df \u00a7 7 Abs. 1 DDG f\u00fcr eigene Inhalte auf diesen Seiten nach den allgemeinen Gesetzen","og_url":"https:\/\/contronics.nl\/de\/impressum\/","og_site_name":"Dry Misting","article_modified_time":"2025-09-23T06:42:06+00:00","twitter_card":"summary_large_image","twitter_misc":{"Gesch\u00e4tzte Lesezeit":"1\u00a0Minute"},"schema":{"@context":"https:\/\/schema.org","@graph":[{"@type":"WebPage","@id":"https:\/\/contronics.nl\/de\/impressum\/","url":"https:\/\/contronics.nl\/de\/impressum\/","name":"Impressum - Dry Misting","isPartOf":{"@id":"https:\/\/contronics.nl\/de\/#website"},"datePublished":"2025-09-18T08:38:51+00:00","dateModified":"2025-09-23T06:42:06+00:00","breadcrumb":{"@id":"https:\/\/contronics.nl\/de\/impressum\/#breadcrumb"},"inLanguage":"de","potentialAction":[{"@type":"ReadAction","target":["https:\/\/contronics.nl\/de\/impressum\/"]}]},{"@type":"BreadcrumbList","@id":"https:\/\/contronics.nl\/de\/impressum\/#breadcrumb","itemListElement":[{"@type":"ListItem","position":1,"name":"Home","item":"https:\/\/contronics.nl\/de\/"},{"@type":"ListItem","position":2,"name":"Impressum"}]},{"@type":"WebSite","@id":"https:\/\/contronics.nl\/de\/#website","url":"https:\/\/contronics.nl\/de\/","name":"Dry Misting","description":"","publisher":{"@id":"https:\/\/contronics.nl\/de\/#organization"},"potentialAction":[{"@type":"SearchAction","target":{"@type":"EntryPoint","urlTemplate":"https:\/\/contronics.nl\/de\/?s={search_term_string}"},"query-input":{"@type":"PropertyValueSpecification","valueRequired":true,"valueName":"search_term_string"}}],"inLanguage":"de"},{"@type":"Organization","@id":"https:\/\/contronics.nl\/de\/#organization","name":"Dry Misting","url":"https:\/\/contronics.nl\/de\/","logo":{"@type":"ImageObject","inLanguage":"de","@id":"https:\/\/contronics.nl\/de\/#\/schema\/logo\/image\/","url":"https:\/\/contronics.nl\/wp-content\/uploads\/2023\/04\/contronics-logo.png","contentUrl":"https:\/\/contronics.nl\/wp-content\/uploads\/2023\/04\/contronics-logo.png","width":400,"height":86,"caption":"Dry Misting"},"image":{"@id":"https:\/\/contronics.nl\/de\/#\/schema\/logo\/image\/"}}]}},"_links":{"self":[{"href":"https:\/\/contronics.nl\/de\/wp-json\/wp\/v2\/pages\/2041","targetHints":{"allow":["GET"]}}],"collection":[{"href":"https:\/\/contronics.nl\/de\/wp-json\/wp\/v2\/pages"}],"about":[{"href":"https:\/\/contronics.nl\/de\/wp-json\/wp\/v2\/types\/page"}],"author":[{"embeddable":true,"href":"https:\/\/contronics.nl\/de\/wp-json\/wp\/v2\/users\/1"}],"replies":[{"embeddable":true,"href":"https:\/\/contronics.nl\/de\/wp-json\/wp\/v2\/comments?post=2041"}],"version-history":[{"count":5,"href":"https:\/\/contronics.nl\/de\/wp-json\/wp\/v2\/pages\/2041\/revisions"}],"predecessor-version":[{"id":2057,"href":"https:\/\/contronics.nl\/de\/wp-json\/wp\/v2\/pages\/2041\/revisions\/2057"}],"wp:attachment":[{"href":"https:\/\/contronics.nl\/de\/wp-json\/wp\/v2\/media?parent=2041"}],"curies":[{"name":"wp","href":"https:\/\/api.w.org\/{rel}","templated":true}]}}